{"id":3834,"date":"2024-02-17T14:36:09","date_gmt":"2024-02-17T14:36:09","guid":{"rendered":"https:\/\/todama.com\/?page_id=3834"},"modified":"2024-02-17T15:31:46","modified_gmt":"2024-02-17T15:31:46","slug":"permagrap","status":"publish","type":"page","link":"https:\/\/todama.com\/?page_id=3834","title":{"rendered":"PERMAGRAP"},"content":{"rendered":"<p><section data-bb-version=\"4.7.6\" id=\"bt_bb_section6a0966a68a188\" class=\"bt_bb_section bt_bb_layout_boxed_1200 bt_bb_vertical_align_top bt_bb_top_spacing_large bt_bb_bottom_spacing_none\"  data-bt-override-class=\"{&quot;bt_bb_top_spacing_&quot;:{&quot;current_class&quot;:&quot;bt_bb_top_spacing_large&quot;,&quot;def&quot;:&quot;large&quot;},&quot;bt_bb_bottom_spacing_&quot;:{&quot;current_class&quot;:&quot;bt_bb_bottom_spacing_none&quot;,&quot;def&quot;:&quot;none&quot;}}\"><div class=\"bt_bb_background_image_holder_wrapper\"><div class=\"bt_bb_background_image_holder btLazyLoadBackground\"  data-background_image_src=\"https:\/\/todama.com\/wp-content\/uploads\/2023\/12\/bgn-industries.png\" data-parallax-zoom-start=\"1\" data-parallax-zoom-end=\"1\" data-parallax-blur-start=\"0\" data-parallax-blur-end=\"0\" data-parallax-opacity-start=\"1\" data-parallax-opacity-end=\"1\" style=\" background-image: url(&#039;https:\/\/todama.com\/wp-content\/plugins\/bold-page-builder\/img\/blank.gif&#039;);\"><\/div><\/div><div class=\"bt_bb_port\"><div class=\"bt_bb_cell\"><div class=\"bt_bb_cell_inner\"><div class=\"bt_bb_row \"  data-bt-override-class=\"{}\"><div class=\"bt_bb_row_holder\" ><div  class=\"bt_bb_column col-xl-6 col-xs-12 col-sm-6 col-md-6 col-lg-6 bt_bb_align_left bt_bb_vertical_align_top bt_bb_padding_normal\"  data-width=\"6\" data-bt-override-class=\"{&quot;bt_bb_align_&quot;:{&quot;current_class&quot;:&quot;bt_bb_align_left&quot;,&quot;def&quot;:&quot;left&quot;,&quot;xl&quot;:&quot;left&quot;},&quot;bt_bb_padding_&quot;:{&quot;current_class&quot;:&quot;bt_bb_padding_normal&quot;,&quot;def&quot;:&quot;normal&quot;,&quot;xl&quot;:&quot;normal&quot;}}\"><div class=\"bt_bb_column_content\"><div class=\"bt_bb_separator bt_bb_border_style_none bt_bb_top_spacing_normal bt_bb_bottom_spacing_none\" data-bt-override-class=\"{&quot;bt_bb_top_spacing_&quot;:{&quot;current_class&quot;:&quot;bt_bb_top_spacing_normal&quot;,&quot;def&quot;:&quot;normal&quot;,&quot;xl&quot;:&quot;normal&quot;},&quot;bt_bb_bottom_spacing_&quot;:{&quot;current_class&quot;:&quot;bt_bb_bottom_spacing_none&quot;,&quot;def&quot;:&quot;none&quot;,&quot;xl&quot;:&quot;none&quot;}}\"><\/div><header data-bb-version=\"4.8.4\" class=\"bt_bb_headline bt_bb_subheadline_text_transform_default bt_bb_dash_top bt_bb_superheadline bt_bb_superheadline_outside bt_bb_subheadline bt_bb_size_large bt_bb_align_inherit\" style=\";color:rgb(0,0,0);border-color:rgb(0,0,0);\" data-bt-override-class=\"{&quot;bt_bb_size_&quot;:{&quot;current_class&quot;:&quot;bt_bb_size_large&quot;,&quot;def&quot;:&quot;large&quot;},&quot;bt_bb_align_&quot;:{&quot;current_class&quot;:&quot;bt_bb_align_inherit&quot;,&quot;def&quot;:&quot;inherit&quot;}}\"><div class=\"bt_bb_headline_superheadline_outside\"><span class=\"bt_bb_headline_superheadline\">Marca WRAPMASTER<\/span><\/div><h2 class=\"bt_bb_headline_tag\"><span class=\"bt_bb_headline_content\"><span><u>\"NUEVA GENERACI\u00d3N EN SISTEMAS DE REPARACI\u00d3N\"<\/u><br \/><br \/>\n<\/span><\/span><\/h2><div class=\"bt_bb_headline_subheadline\">PRODUCTOS PARA EL REFUERZO DE TUBERIAS Y ESTRUCTURAS DIRIGIDAS A LAS INDUSTRIAS DE OLEODUCTOS Y PETROQUIMICA.<\/div><\/header><div class=\"bt_bb_separator bt_bb_border_style_none bt_bb_top_spacing_small bt_bb_bottom_spacing_medium\" data-bt-override-class=\"{&quot;bt_bb_top_spacing_&quot;:{&quot;current_class&quot;:&quot;bt_bb_top_spacing_small&quot;,&quot;def&quot;:&quot;small&quot;,&quot;xl&quot;:&quot;small&quot;},&quot;bt_bb_bottom_spacing_&quot;:{&quot;current_class&quot;:&quot;bt_bb_bottom_spacing_medium&quot;,&quot;def&quot;:&quot;medium&quot;,&quot;xl&quot;:&quot;medium&quot;}}\"><\/div><\/div><\/div><div  class=\"bt_bb_column col-xl-6 col-xs-12 col-sm-6 col-md-6 col-lg-6 bt_bb_align_right bt_bb_vertical_align_top bt_bb_padding_double\"  data-width=\"6\" data-bt-override-class=\"{&quot;bt_bb_align_&quot;:{&quot;current_class&quot;:&quot;bt_bb_align_right&quot;,&quot;def&quot;:&quot;right&quot;,&quot;xl&quot;:&quot;right&quot;},&quot;bt_bb_padding_&quot;:{&quot;current_class&quot;:&quot;bt_bb_padding_double&quot;,&quot;def&quot;:&quot;double&quot;,&quot;xl&quot;:&quot;double&quot;}}\"><div class=\"bt_bb_column_content\"><div class=\"bt_bb_separator bt_bb_border_style_none bt_bb_top_spacing_small bt_bb_bottom_spacing_medium\" data-bt-override-class=\"{&quot;bt_bb_top_spacing_&quot;:{&quot;current_class&quot;:&quot;bt_bb_top_spacing_small&quot;,&quot;def&quot;:&quot;small&quot;,&quot;xl&quot;:&quot;small&quot;},&quot;bt_bb_bottom_spacing_&quot;:{&quot;current_class&quot;:&quot;bt_bb_bottom_spacing_medium&quot;,&quot;def&quot;:&quot;medium&quot;,&quot;xl&quot;:&quot;medium&quot;}}\"><\/div><div data-bb-version=\"4.7.6\" class=\"bt_bb_button bt_bb_color_scheme_6 bt_bb_icon_position_left bt_bb_style_filled bt_bb_size_normal bt_bb_width_inline bt_bb_shape_inherit bt_bb_target_self bt_bb_text_transform_inherit bt_bb_align_inherit\" style=\"; --primary-color:#ffffff; --secondary-color:#2ea92a;\" data-bt-override-class=\"{&quot;bt_bb_size_&quot;:{&quot;current_class&quot;:&quot;bt_bb_size_normal&quot;,&quot;def&quot;:&quot;normal&quot;},&quot;bt_bb_align_&quot;:{&quot;current_class&quot;:&quot;bt_bb_align_inherit&quot;,&quot;def&quot;:&quot;inherit&quot;}}\"><a href=\"https:\/\/todama.com\/?page_id=2632\" target=\"_self\" class=\"bt_bb_link\" title=\"MARCAS\"><span class=\"bt_bb_button_text\" >MARCAS<\/span><span  data-ico-essential=\"&#xe960;\" class=\"bt_bb_icon_holder\"><\/span><\/a><\/div><div data-bb-version=\"4.7.6\" class=\"bt_bb_icon bt_bb_color_scheme_4 bt_bb_style_borderless bt_bb_size_normal bt_bb_shape_circle bt_bb_align_inherit\" style=\"; --icon-primary-color:#2ea92a; --icon-secondary-color:#ffffff;\" data-bt-override-class=\"{&quot;bt_bb_size_&quot;:{&quot;current_class&quot;:&quot;bt_bb_size_normal&quot;,&quot;def&quot;:&quot;normal&quot;},&quot;bt_bb_align_&quot;:{&quot;current_class&quot;:&quot;bt_bb_align_inherit&quot;,&quot;def&quot;:&quot;inherit&quot;}}\"><span  data-ico-fontawesome5brands=\"&#xf232;\" class=\"bt_bb_icon_holder\"><span>+52 229 265 1499<\/span><\/span><\/div><div class=\"bt_bb_separator bt_bb_border_style_none bt_bb_top_spacing_small bt_bb_bottom_spacing_medium\" data-bt-override-class=\"{&quot;bt_bb_top_spacing_&quot;:{&quot;current_class&quot;:&quot;bt_bb_top_spacing_small&quot;,&quot;def&quot;:&quot;small&quot;,&quot;xl&quot;:&quot;small&quot;},&quot;bt_bb_bottom_spacing_&quot;:{&quot;current_class&quot;:&quot;bt_bb_bottom_spacing_medium&quot;,&quot;def&quot;:&quot;medium&quot;,&quot;xl&quot;:&quot;medium&quot;}}\"><\/div><div data-bb-version=\"4.8.4\" class=\"bt_bb_button bt_bb_color_scheme_11 bt_bb_icon_position_left bt_bb_style_filled bt_bb_size_normal bt_bb_width_inline bt_bb_shape_inherit bt_bb_target_self bt_bb_text_transform_inherit bt_bb_align_inherit\" style=\"; --primary-color:#ffffff; --secondary-color:#1b4962;\" data-bt-override-class=\"{&quot;bt_bb_size_&quot;:{&quot;current_class&quot;:&quot;bt_bb_size_normal&quot;,&quot;def&quot;:&quot;normal&quot;},&quot;bt_bb_align_&quot;:{&quot;current_class&quot;:&quot;bt_bb_align_inherit&quot;,&quot;def&quot;:&quot;inherit&quot;}}\"><a href=\"https:\/\/todama.com\/?page_id=2938\" target=\"_self\" class=\"bt_bb_link\" title=\"PRODUCTOS RELACIONADOS\"><span class=\"bt_bb_button_text\" >PRODUCTOS RELACIONADOS<\/span><span  data-ico-business=\"&#xf149;\" class=\"bt_bb_icon_holder\"><\/span><\/a><\/div><div class=\"bt_bb_separator bt_bb_border_style_none bt_bb_top_spacing_small bt_bb_bottom_spacing_medium\" data-bt-override-class=\"{&quot;bt_bb_top_spacing_&quot;:{&quot;current_class&quot;:&quot;bt_bb_top_spacing_small&quot;,&quot;def&quot;:&quot;small&quot;,&quot;xl&quot;:&quot;small&quot;},&quot;bt_bb_bottom_spacing_&quot;:{&quot;current_class&quot;:&quot;bt_bb_bottom_spacing_medium&quot;,&quot;def&quot;:&quot;medium&quot;,&quot;xl&quot;:&quot;medium&quot;}}\"><\/div><\/div><\/div><\/div><\/div><\/div><!-- cell_inner --><\/div><!-- cell --><\/div><!-- port --><\/section><section data-bb-version=\"4.8.4\" id=\"bt_bb_section6a0966a68a8e3\" class=\"bt_bb_section bt_bb_layout_boxed_1200\"  data-bt-override-class=\"null\"><div class=\"bt_bb_port\"><div class=\"bt_bb_cell\"><div class=\"bt_bb_cell_inner\"><div class=\"bt_bb_row \"  data-bt-override-class=\"{}\"><div class=\"bt_bb_row_holder\" ><div data-bb-version=\"4.8.4\"  class=\"bt_bb_column col-xl-6 col-xs-12 col-sm-6 col-md-6 col-lg-6 bt_bb_align_center bt_bb_vertical_align_top bt_bb_padding_normal\"  data-width=\"6\" data-bt-override-class=\"{&quot;bt_bb_align_&quot;:{&quot;current_class&quot;:&quot;bt_bb_align_center&quot;,&quot;def&quot;:&quot;center&quot;},&quot;bt_bb_padding_&quot;:{&quot;current_class&quot;:&quot;bt_bb_padding_normal&quot;,&quot;def&quot;:&quot;normal&quot;}}\"><div class=\"bt_bb_column_content\"><div data-bb-version=\"4.8.4\" class=\"bt_bb_separator bt_bb_border_style_none bt_bb_top_spacing_normal bt_bb_bottom_spacing_none\" data-bt-override-class=\"{&quot;bt_bb_top_spacing_&quot;:{&quot;current_class&quot;:&quot;bt_bb_top_spacing_normal&quot;,&quot;def&quot;:&quot;normal&quot;},&quot;bt_bb_bottom_spacing_&quot;:{&quot;current_class&quot;:&quot;bt_bb_bottom_spacing_none&quot;,&quot;def&quot;:&quot;none&quot;}}\"><\/div><header data-bb-version=\"4.8.4\" class=\"bt_bb_headline bt_bb_superheadline_font_weight_normal bt_bb_subheadline_text_transform_default bt_bb_dash_top bt_bb_size_normal bt_bb_align_center\" style=\";color:rgb(0,0,0);border-color:rgb(0,0,0);\" data-bt-override-class=\"{&quot;bt_bb_size_&quot;:{&quot;current_class&quot;:&quot;bt_bb_size_normal&quot;,&quot;def&quot;:&quot;normal&quot;},&quot;bt_bb_align_&quot;:{&quot;current_class&quot;:&quot;bt_bb_align_center&quot;,&quot;def&quot;:&quot;center&quot;}}\"><h1 class=\"bt_bb_headline_tag\"><span class=\"bt_bb_headline_content\"><span><u>Producto: PERMAWRAP<\/u><\/span><\/span><\/h1><\/header><div data-bb-version=\"4.8.4\" class=\"bt_bb_separator bt_bb_border_style_none bt_bb_top_spacing_normal bt_bb_bottom_spacing_none\" data-bt-override-class=\"{&quot;bt_bb_top_spacing_&quot;:{&quot;current_class&quot;:&quot;bt_bb_top_spacing_normal&quot;,&quot;def&quot;:&quot;normal&quot;},&quot;bt_bb_bottom_spacing_&quot;:{&quot;current_class&quot;:&quot;bt_bb_bottom_spacing_none&quot;,&quot;def&quot;:&quot;none&quot;}}\"><\/div><div data-bb-version=\"4.8.4\"  class=\"bt_bb_text\" ><\/p>\n<p style=\"text-align: left;\"><span style=\"color: #000000;\">PermaWrap es el \u00fanico sistema de reparaci\u00f3n compuesto para tuber\u00edas y dise\u00f1ado para ser detectado por herramientas de fuga de flujo magn\u00e9tico (MFL).<\/span><\/p>\n<p><span style=\"color: #000000;\">El sistema patentado PermaWrap es una manga compuesta r\u00edgida prefabricada con algunas ventajas distintivas que benefician directamente a nuestros clientes.<\/span><\/p>\n<ol start=\"1\">\n<li style=\"text-align: left;\"><span style=\"color: #000000;\">La manga compuesta PermaWrap es detectable magn\u00e9ticamente para la detecci\u00f3n \u00abinteligente\u00bb, eliminando cualquier m\u00e9todo o procedimiento de identificaci\u00f3n posterior.\u00a0Esta caracter\u00edstica por s\u00ed sola ha ahorrado a nuestros clientes miles de d\u00f3lares cada a\u00f1o en excavaciones innecesarias para reparar tuber\u00edas.<\/span><\/li>\n<li style=\"text-align: left;\"><span style=\"color: #000000;\">Nuestra tecnolog\u00eda patentada de relieve \u00abdiamond grip\u00bb proporciona un sistema de bloqueo mec\u00e1nico que permite que las capas individuales de la envoltura se aniden entre s\u00ed incluso en posici\u00f3n inclinada o vertical.\u00a0Esta caracter\u00edstica pr\u00e1cticamente elimina el movimiento telesc\u00f3pico durante la aplicaci\u00f3n de la manga compuesta.<\/span><\/li>\n<li style=\"text-align: left;\"><span style=\"color: #000000;\">Las mangas compuestas PermaWrap est\u00e1n disponibles en varios anchos: 6, 9, 12, 15 y 18 pulgadas y en di\u00e1metros de 4 a 60 pulgadas.<\/span><\/li>\n<li style=\"text-align: left;\"><span style=\"color: #000000;\">La instalaci\u00f3n no requiere equipo pesado.<\/span><\/li>\n<li style=\"text-align: left;\"><span style=\"color: #000000;\">La mayor\u00eda de las instalaciones de reparaci\u00f3n de tuber\u00edas se pueden completar sin interrumpir la operaci\u00f3n.<\/span><\/li>\n<li style=\"text-align: left;\"><span style=\"color: #000000;\">La manga compuesta PermaWrap no requiere trabajo en caliente.<\/span><\/li>\n<li style=\"text-align: left;\"><span style=\"color: #000000;\">La reparaci\u00f3n t\u00edpica requiere 2 instaladores y 30 minutos.<\/span><\/li>\n<li style=\"text-align: left;\"><span style=\"color: #000000;\">Cumple con ISO TS-24817 \/ ASME PCC-2 \/ CSA \/ DOT.<\/span><\/li>\n<\/ol>\n<p>\n<\/div><div data-bb-version=\"4.8.4\" class=\"bt_bb_separator bt_bb_border_style_none bt_bb_top_spacing_normal bt_bb_bottom_spacing_none\" data-bt-override-class=\"{&quot;bt_bb_top_spacing_&quot;:{&quot;current_class&quot;:&quot;bt_bb_top_spacing_normal&quot;,&quot;def&quot;:&quot;normal&quot;},&quot;bt_bb_bottom_spacing_&quot;:{&quot;current_class&quot;:&quot;bt_bb_bottom_spacing_none&quot;,&quot;def&quot;:&quot;none&quot;}}\"><\/div><div data-bb-version=\"4.8.4\" class=\"bt_bb_icon bt_bb_color_scheme_11 bt_bb_style_filled bt_bb_size_large bt_bb_shape_circle bt_bb_align_inherit\" style=\"; --icon-primary-color:#ffffff; --icon-secondary-color:#1b4962;\" data-bt-override-class=\"{&quot;bt_bb_size_&quot;:{&quot;current_class&quot;:&quot;bt_bb_size_large&quot;,&quot;def&quot;:&quot;large&quot;},&quot;bt_bb_align_&quot;:{&quot;current_class&quot;:&quot;bt_bb_align_inherit&quot;,&quot;def&quot;:&quot;inherit&quot;}}\"><a href=\"https:\/\/todama.com\/wp-content\/uploads\/2024\/02\/PermaWrap-Brochure-10-23.pdf\"  target=\"_self\"  title=\"Informaci\u00f3n General\"  data-ico-customerrelationshipmanagement=\"&#xe909;\" class=\"bt_bb_icon_holder\"><span>Descarga Detalle T\u00e9cnico<\/span><\/a><\/div><div data-bb-version=\"4.8.4\" class=\"bt_bb_separator bt_bb_border_style_none bt_bb_top_spacing_normal bt_bb_bottom_spacing_none\" data-bt-override-class=\"{&quot;bt_bb_top_spacing_&quot;:{&quot;current_class&quot;:&quot;bt_bb_top_spacing_normal&quot;,&quot;def&quot;:&quot;normal&quot;},&quot;bt_bb_bottom_spacing_&quot;:{&quot;current_class&quot;:&quot;bt_bb_bottom_spacing_none&quot;,&quot;def&quot;:&quot;none&quot;}}\"><\/div><\/div><\/div><div data-bb-version=\"4.8.4\"  class=\"bt_bb_column col-xl-6 col-xs-12 col-sm-6 col-md-6 col-lg-6 bt_bb_align_left bt_bb_vertical_align_top bt_bb_padding_normal\"  data-width=\"6\" data-bt-override-class=\"{}\"><div class=\"bt_bb_column_content\"><div data-bb-version=\"4.8.4\" class=\"bt_bb_separator bt_bb_border_style_none bt_bb_top_spacing_small bt_bb_bottom_spacing_small\" data-bt-override-class=\"{&quot;bt_bb_top_spacing_&quot;:{&quot;current_class&quot;:&quot;bt_bb_top_spacing_small&quot;,&quot;def&quot;:&quot;small&quot;},&quot;bt_bb_bottom_spacing_&quot;:{&quot;current_class&quot;:&quot;bt_bb_bottom_spacing_small&quot;,&quot;def&quot;:&quot;small&quot;}}\"><\/div><div data-bb-version=\"4.8.4\" class=\"bt_bb_css_image_grid bt_bb_columns_2 bt_bb_gap_normal bt_bb_shape_inherit\" data-columns=\"2\"><div class=\"bt_bb_css_image_grid_content\"><div class=\"bt_bb_css_image_grid_item bt_bb_tile_format_PERMAWRAP (WrapMaster)\" data-src-full=\"https:\/\/todama.com\/wp-content\/uploads\/2024\/02\/KIT-PERMA.jpg\" title=\"KIT PERMA\"><div class=\"bt_bb_css_image_grid_item_inner\"><div class=\"bt_bb_css_image_grid_item_inner_image\"><img decoding=\"async\" src=\"https:\/\/todama.com\/wp-content\/uploads\/2024\/02\/KIT-PERMA.jpg\" data-src-full=\"https:\/\/todama.com\/wp-content\/uploads\/2024\/02\/KIT-PERMA.jpg\" title=\"KIT PERMA\" alt=\"KIT PERMA\"\/><\/div><div class=\"bt_bb_css_image_grid_item_inner_content\"><\/div><\/div><\/div><div class=\"bt_bb_css_image_grid_item bt_bb_tile_format_PERMAWRAP (WrapMaster)\" data-src-full=\"https:\/\/todama.com\/wp-content\/uploads\/2024\/02\/unnamed.jpg\" title=\"PERMAWRAP\"><div class=\"bt_bb_css_image_grid_item_inner\"><div class=\"bt_bb_css_image_grid_item_inner_image\"><img decoding=\"async\" src=\"https:\/\/todama.com\/wp-content\/uploads\/2024\/02\/unnamed-640x480.jpg\" data-src-full=\"https:\/\/todama.com\/wp-content\/uploads\/2024\/02\/unnamed.jpg\" title=\"PERMAWRAP\" alt=\"PERMAWRAP\"\/><\/div><div class=\"bt_bb_css_image_grid_item_inner_content\"><\/div><\/div><\/div><div class=\"bt_bb_css_image_grid_item bt_bb_tile_format_PERMAWRAP (WrapMaster)\" data-src-full=\"https:\/\/todama.com\/wp-content\/uploads\/2024\/02\/unnamed-1.jpg\" title=\"PERMAWRAP\"><div class=\"bt_bb_css_image_grid_item_inner\"><div class=\"bt_bb_css_image_grid_item_inner_image\"><img decoding=\"async\" src=\"https:\/\/todama.com\/wp-content\/uploads\/2024\/02\/unnamed-1-640x480.jpg\" data-src-full=\"https:\/\/todama.com\/wp-content\/uploads\/2024\/02\/unnamed-1.jpg\" title=\"PERMAWRAP\" alt=\"PERMAWRAP\"\/><\/div><div class=\"bt_bb_css_image_grid_item_inner_content\"><\/div><\/div><\/div><div class=\"bt_bb_css_image_grid_item bt_bb_tile_format_PERMAWRAP (WrapMaster)\" data-src-full=\"https:\/\/todama.com\/wp-content\/uploads\/2024\/02\/Wrapmaster2.png\" title=\"Wrapmaster2\"><div class=\"bt_bb_css_image_grid_item_inner\"><div class=\"bt_bb_css_image_grid_item_inner_image\"><img decoding=\"async\" src=\"https:\/\/todama.com\/wp-content\/uploads\/2024\/02\/Wrapmaster2-640x640.png\" data-src-full=\"https:\/\/todama.com\/wp-content\/uploads\/2024\/02\/Wrapmaster2.png\" title=\"Wrapmaster2\" alt=\"Wrapmaster2\"\/><\/div><div class=\"bt_bb_css_image_grid_item_inner_content\"><\/div><\/div><\/div><div class=\"bt_bb_css_image_grid_item bt_bb_tile_format_PERMAWRAP (WrapMaster)\" data-src-full=\"https:\/\/todama.com\/wp-content\/uploads\/2024\/02\/unnamed-2.jpg\" title=\"PERMAWRAP\"><div class=\"bt_bb_css_image_grid_item_inner\"><div class=\"bt_bb_css_image_grid_item_inner_image\"><img decoding=\"async\" src=\"https:\/\/todama.com\/wp-content\/uploads\/2024\/02\/unnamed-2-640x480.jpg\" data-src-full=\"https:\/\/todama.com\/wp-content\/uploads\/2024\/02\/unnamed-2.jpg\" title=\"PERMAWRAP\" alt=\"PERMAWRAP\"\/><\/div><div class=\"bt_bb_css_image_grid_item_inner_content\"><\/div><\/div><\/div><div class=\"bt_bb_css_image_grid_item bt_bb_tile_format_PERMAWRAP (WrapMaster)\" data-src-full=\"https:\/\/todama.com\/wp-content\/uploads\/2024\/02\/PERMAWRAP-INST.jpg\" title=\"PERMAWRAP INST\"><div class=\"bt_bb_css_image_grid_item_inner\"><div class=\"bt_bb_css_image_grid_item_inner_image\"><img decoding=\"async\" src=\"https:\/\/todama.com\/wp-content\/uploads\/2024\/02\/PERMAWRAP-INST-640x426.jpg\" data-src-full=\"https:\/\/todama.com\/wp-content\/uploads\/2024\/02\/PERMAWRAP-INST.jpg\" title=\"PERMAWRAP INST\" alt=\"PERMAWRAP INST\"\/><\/div><div class=\"bt_bb_css_image_grid_item_inner_content\"><\/div><\/div><\/div><\/div><\/div><div data-bb-version=\"4.8.4\" class=\"bt_bb_separator bt_bb_border_style_none bt_bb_top_spacing_small bt_bb_bottom_spacing_small\" data-bt-override-class=\"{&quot;bt_bb_top_spacing_&quot;:{&quot;current_class&quot;:&quot;bt_bb_top_spacing_small&quot;,&quot;def&quot;:&quot;small&quot;},&quot;bt_bb_bottom_spacing_&quot;:{&quot;current_class&quot;:&quot;bt_bb_bottom_spacing_small&quot;,&quot;def&quot;:&quot;small&quot;}}\"><\/div><div data-bb-version=\"4.8.4\" class=\"bt_bb_separator bt_bb_border_style_none bt_bb_top_spacing_normal bt_bb_bottom_spacing_none\" data-bt-override-class=\"{&quot;bt_bb_top_spacing_&quot;:{&quot;current_class&quot;:&quot;bt_bb_top_spacing_normal&quot;,&quot;def&quot;:&quot;normal&quot;},&quot;bt_bb_bottom_spacing_&quot;:{&quot;current_class&quot;:&quot;bt_bb_bottom_spacing_none&quot;,&quot;def&quot;:&quot;none&quot;}}\"><\/div><\/div><\/div><\/div><\/div><\/div><!-- cell_inner --><\/div><!-- cell --><\/div><!-- port --><\/section><\/p>\n","protected":false},"excerpt":{"rendered":"","protected":false},"author":1,"featured_media":0,"parent":0,"menu_order":0,"comment_status":"closed","ping_status":"closed","template":"","meta":{"footnotes":""},"class_list":["post-3834","page","type-page","status-publish","hentry"],"_links":{"self":[{"href":"https:\/\/todama.com\/index.php?rest_route=\/wp\/v2\/pages\/3834","targetHints":{"allow":["GET"]}}],"collection":[{"href":"https:\/\/todama.com\/index.php?rest_route=\/wp\/v2\/pages"}],"about":[{"href":"https:\/\/todama.com\/index.php?rest_route=\/wp\/v2\/types\/page"}],"author":[{"embeddable":true,"href":"https:\/\/todama.com\/index.php?rest_route=\/wp\/v2\/users\/1"}],"replies":[{"embeddable":true,"href":"https:\/\/todama.com\/index.php?rest_route=%2Fwp%2Fv2%2Fcomments&post=3834"}],"version-history":[{"count":26,"href":"https:\/\/todama.com\/index.php?rest_route=\/wp\/v2\/pages\/3834\/revisions"}],"predecessor-version":[{"id":3889,"href":"https:\/\/todama.com\/index.php?rest_route=\/wp\/v2\/pages\/3834\/revisions\/3889"}],"wp:attachment":[{"href":"https:\/\/todama.com\/index.php?rest_route=%2Fwp%2Fv2%2Fmedia&parent=3834"}],"curies":[{"name":"wp","href":"https:\/\/api.w.org\/{rel}","templated":true}]}}