{"id":3171,"date":"2022-12-14T19:52:47","date_gmt":"2022-12-14T19:52:47","guid":{"rendered":"https:\/\/www.todama.com\/TODAMA2\/?page_id=3171"},"modified":"2024-01-03T22:55:24","modified_gmt":"2024-01-03T22:55:24","slug":"sello-expansorlinkseal","status":"publish","type":"page","link":"https:\/\/todama.com\/?page_id=3171","title":{"rendered":"Sello Expansorlinkseal"},"content":{"rendered":"<p><section id=\"bt_bb_section6a09673540355\" class=\"bt_bb_section bt_bb_layout_boxed_800 bt_bb_vertical_align_top bt_bb_top_spacing_large bt_bb_bottom_spacing_\"  data-bt-override-class=\"{&quot;bt_bb_top_spacing_&quot;:{&quot;current_class&quot;:&quot;bt_bb_top_spacing_large&quot;,&quot;def&quot;:&quot;large&quot;,&quot;xl&quot;:&quot;large&quot;},&quot;bt_bb_bottom_spacing_&quot;:{&quot;current_class&quot;:&quot;bt_bb_bottom_spacing_&quot;,&quot;def&quot;:&quot;&quot;,&quot;xl&quot;:&quot;&quot;}}\"><div class=\"bt_bb_port\"><div class=\"bt_bb_cell\"><div class=\"bt_bb_cell_inner\"><div class=\"bt_bb_row \"  data-bt-override-class=\"{}\"><div class=\"bt_bb_row_holder\" ><div  class=\"bt_bb_column col-xl-6 col-xs-12 col-sm-6 col-md-6 col-lg-6 bt_bb_align_left bt_bb_vertical_align_top bt_bb_padding_normal\"  data-width=\"6\" data-bt-override-class=\"{&quot;bt_bb_align_&quot;:{&quot;current_class&quot;:&quot;bt_bb_align_left&quot;,&quot;def&quot;:&quot;left&quot;,&quot;xl&quot;:&quot;left&quot;},&quot;bt_bb_padding_&quot;:{&quot;current_class&quot;:&quot;bt_bb_padding_normal&quot;,&quot;def&quot;:&quot;normal&quot;,&quot;xl&quot;:&quot;normal&quot;}}\"><div class=\"bt_bb_column_content\"><div class=\"bt_bb_separator bt_bb_border_style_none bt_bb_top_spacing_normal bt_bb_bottom_spacing_none\" data-bt-override-class=\"{&quot;bt_bb_top_spacing_&quot;:{&quot;current_class&quot;:&quot;bt_bb_top_spacing_normal&quot;,&quot;def&quot;:&quot;normal&quot;,&quot;xl&quot;:&quot;normal&quot;},&quot;bt_bb_bottom_spacing_&quot;:{&quot;current_class&quot;:&quot;bt_bb_bottom_spacing_none&quot;,&quot;def&quot;:&quot;none&quot;,&quot;xl&quot;:&quot;none&quot;}}\"><\/div><header class=\"bt_bb_headline bt_bb_dash_top bt_bb_superheadline bt_bb_superheadline_outside bt_bb_size_large bt_bb_align_inherit\" style=\";color:rgb(0,0,0);border-color:rgb(0,0,0);\" data-bt-override-class=\"{&quot;bt_bb_size_&quot;:{&quot;current_class&quot;:&quot;bt_bb_size_large&quot;,&quot;def&quot;:&quot;large&quot;,&quot;xl&quot;:&quot;large&quot;},&quot;bt_bb_align_&quot;:{&quot;current_class&quot;:&quot;bt_bb_align_inherit&quot;,&quot;def&quot;:&quot;inherit&quot;,&quot;xl&quot;:&quot;inherit&quot;}}\"><div class=\"bt_bb_headline_superheadline_outside\"><span class=\"bt_bb_headline_superheadline\">Sello Expansor<\/span><\/div><h2 class=\"bt_bb_headline_tag\"><span class=\"bt_bb_headline_content\"><span><u> Link-Seal <\/u><br \/><br \/>\n<\/span><\/span><\/h2><\/header><div class=\"bt_bb_separator bt_bb_border_style_none bt_bb_top_spacing_small bt_bb_bottom_spacing_medium\" data-bt-override-class=\"{&quot;bt_bb_top_spacing_&quot;:{&quot;current_class&quot;:&quot;bt_bb_top_spacing_small&quot;,&quot;def&quot;:&quot;small&quot;,&quot;xl&quot;:&quot;small&quot;},&quot;bt_bb_bottom_spacing_&quot;:{&quot;current_class&quot;:&quot;bt_bb_bottom_spacing_medium&quot;,&quot;def&quot;:&quot;medium&quot;,&quot;xl&quot;:&quot;medium&quot;}}\"><\/div><\/div><\/div><div  class=\"bt_bb_column col-xl-6 col-xs-12 col-sm-6 col-md-6 col-lg-6 bt_bb_align_right bt_bb_vertical_align_top bt_bb_padding_double\"  data-width=\"6\" data-bt-override-class=\"{&quot;bt_bb_align_&quot;:{&quot;current_class&quot;:&quot;bt_bb_align_right&quot;,&quot;def&quot;:&quot;right&quot;,&quot;xl&quot;:&quot;right&quot;},&quot;bt_bb_padding_&quot;:{&quot;current_class&quot;:&quot;bt_bb_padding_double&quot;,&quot;def&quot;:&quot;double&quot;,&quot;xl&quot;:&quot;double&quot;}}\"><div class=\"bt_bb_column_content\"><div class=\"bt_bb_separator bt_bb_border_style_none bt_bb_top_spacing_small bt_bb_bottom_spacing_medium\" data-bt-override-class=\"{&quot;bt_bb_top_spacing_&quot;:{&quot;current_class&quot;:&quot;bt_bb_top_spacing_small&quot;,&quot;def&quot;:&quot;small&quot;,&quot;xl&quot;:&quot;small&quot;},&quot;bt_bb_bottom_spacing_&quot;:{&quot;current_class&quot;:&quot;bt_bb_bottom_spacing_medium&quot;,&quot;def&quot;:&quot;medium&quot;,&quot;xl&quot;:&quot;medium&quot;}}\"><\/div><div data-bb-version=\"4.7.6\" class=\"bt_bb_icon bt_bb_color_scheme_4 bt_bb_style_borderless bt_bb_size_normal bt_bb_shape_circle bt_bb_align_inherit\" style=\"; --icon-primary-color:#2ea92a; --icon-secondary-color:#ffffff;\" data-bt-override-class=\"{&quot;bt_bb_size_&quot;:{&quot;current_class&quot;:&quot;bt_bb_size_normal&quot;,&quot;def&quot;:&quot;normal&quot;},&quot;bt_bb_align_&quot;:{&quot;current_class&quot;:&quot;bt_bb_align_inherit&quot;,&quot;def&quot;:&quot;inherit&quot;}}\"><span  data-ico-fontawesome5brands=\"&#xf232;\" class=\"bt_bb_icon_holder\"><span>+52 229 265 1499<\/span><\/span><\/div><\/div><\/div><\/div><\/div><\/div><!-- cell_inner --><\/div><!-- cell --><\/div><!-- port --><\/section><section id=\"bt_bb_section6a09673540703\" class=\"bt_bb_section bt_bb_layout_boxed_1200\"  data-bt-override-class=\"null\"><div class=\"bt_bb_port\"><div class=\"bt_bb_cell\"><div class=\"bt_bb_cell_inner\"><div class=\"bt_bb_row \"  data-bt-override-class=\"{}\"><div class=\"bt_bb_row_holder\" ><div  class=\"bt_bb_column col-xl-6 col-xs-12 col-sm-6 col-md-6 col-lg-6 bt_bb_align_right bt_bb_vertical_align_top bt_bb_padding_normal\"  data-width=\"6\" data-bt-override-class=\"{&quot;bt_bb_align_&quot;:{&quot;current_class&quot;:&quot;bt_bb_align_right&quot;,&quot;def&quot;:&quot;right&quot;,&quot;xl&quot;:&quot;right&quot;},&quot;bt_bb_padding_&quot;:{&quot;current_class&quot;:&quot;bt_bb_padding_normal&quot;,&quot;def&quot;:&quot;normal&quot;,&quot;xl&quot;:&quot;normal&quot;}}\"><div class=\"bt_bb_column_content\"><div class=\"bt_bb_separator bt_bb_border_style_none bt_bb_top_spacing_small bt_bb_bottom_spacing_none\" data-bt-override-class=\"{&quot;bt_bb_top_spacing_&quot;:{&quot;current_class&quot;:&quot;bt_bb_top_spacing_small&quot;,&quot;def&quot;:&quot;small&quot;,&quot;xl&quot;:&quot;small&quot;},&quot;bt_bb_bottom_spacing_&quot;:{&quot;current_class&quot;:&quot;bt_bb_bottom_spacing_none&quot;,&quot;def&quot;:&quot;none&quot;,&quot;xl&quot;:&quot;none&quot;}}\"><\/div><div data-bb-version=\"4.7.6\" class=\"bt_bb_image bt_bb_shape_hard-rounded bt_bb_target_self bt_bb_align_center bt_bb_hover_style_simple bt_bb_content_display_always bt_bb_content_align_middle bt_bb_fill_background_color_full\" data-bt-override-class=\"{&quot;bt_bb_align_&quot;:{&quot;current_class&quot;:&quot;bt_bb_align_center&quot;,&quot;def&quot;:&quot;center&quot;},&quot;bt_bb_content_display_&quot;:{&quot;current_class&quot;:&quot;bt_bb_content_display_always&quot;,&quot;def&quot;:&quot;always&quot;}}\"><a href=\"#\"  target=\"_self\" title=\"Link-Seal\"><img loading=\"lazy\" decoding=\"async\" width=\"363\" height=\"363\" src=\"https:\/\/todama.com\/wp-content\/uploads\/2024\/01\/link-seal.jpg\" class=\"attachment-medium_large size-medium_large\" alt=\"Link-Seal\" data-full_image_src=\"https:\/\/todama.com\/wp-content\/uploads\/2024\/01\/link-seal.jpg\" title=\"Link-Seal\" srcset=\"https:\/\/todama.com\/wp-content\/uploads\/2024\/01\/link-seal.jpg 363w, https:\/\/todama.com\/wp-content\/uploads\/2024\/01\/link-seal-160x160.jpg 160w, https:\/\/todama.com\/wp-content\/uploads\/2024\/01\/link-seal-320x320.jpg 320w\" sizes=\"auto, (max-width: 363px) 100vw, 363px\" \/><\/a><\/div><div class=\"bt_bb_separator bt_bb_border_style_none bt_bb_top_spacing_small bt_bb_bottom_spacing_none\" data-bt-override-class=\"{&quot;bt_bb_top_spacing_&quot;:{&quot;current_class&quot;:&quot;bt_bb_top_spacing_small&quot;,&quot;def&quot;:&quot;small&quot;,&quot;xl&quot;:&quot;small&quot;},&quot;bt_bb_bottom_spacing_&quot;:{&quot;current_class&quot;:&quot;bt_bb_bottom_spacing_none&quot;,&quot;def&quot;:&quot;none&quot;,&quot;xl&quot;:&quot;none&quot;}}\"><\/div><div data-bb-version=\"4.7.6\" class=\"bt_bb_button bt_bb_color_scheme_11 bt_bb_icon_position_left bt_bb_style_filled bt_bb_size_medium bt_bb_width_inline bt_bb_shape_inherit bt_bb_target_blank bt_bb_text_transform_inherit bt_bb_align_inherit bt_bb_animation_fade_in move_right animate\" style=\"; --primary-color:#ffffff; --secondary-color:#1b4962;\" data-bt-override-class=\"{&quot;bt_bb_size_&quot;:{&quot;current_class&quot;:&quot;bt_bb_size_medium&quot;,&quot;def&quot;:&quot;medium&quot;},&quot;bt_bb_align_&quot;:{&quot;current_class&quot;:&quot;bt_bb_align_inherit&quot;,&quot;def&quot;:&quot;inherit&quot;}}\"><a href=\"https:\/\/todama.com\/wp-content\/uploads\/2023\/12\/SELLOEXPANSORES-PIKOTEK.pdf\" target=\"_blank\" class=\"bt_bb_link\" title=\"Mas...\"><span class=\"bt_bb_button_text\" >Mas...<\/span><span  data-ico-fontawesome5solid=\"&#xf02d;\" class=\"bt_bb_icon_holder\"><\/span><\/a><\/div><\/div><\/div><div  class=\"bt_bb_column col-xl-6 col-xs-12 col-sm-6 col-md-6 col-lg-6 bt_bb_align_left bt_bb_vertical_align_top bt_bb_padding_normal\"  data-width=\"6\" data-bt-override-class=\"{}\"><div class=\"bt_bb_column_content\"><div class=\"bt_bb_separator bt_bb_border_style_none bt_bb_top_spacing_small bt_bb_bottom_spacing_none\" data-bt-override-class=\"{&quot;bt_bb_top_spacing_&quot;:{&quot;current_class&quot;:&quot;bt_bb_top_spacing_small&quot;,&quot;def&quot;:&quot;small&quot;,&quot;xl&quot;:&quot;small&quot;},&quot;bt_bb_bottom_spacing_&quot;:{&quot;current_class&quot;:&quot;bt_bb_bottom_spacing_none&quot;,&quot;def&quot;:&quot;none&quot;,&quot;xl&quot;:&quot;none&quot;}}\"><\/div><div  class=\"bt_bb_text\" ><\/p>\n<p style=\"text-align: left;\"><span class=\"style3\"><span style=\"color: #003366;\"><span class=\"style1\"><strong>SELLOS EXPANSORES PSI\u00a0<\/strong><\/span><\/span><\/span><\/p>\n<p class=\"style32\" style=\"text-align: justify;\">Los sellos <strong>Link-Seal <\/strong>se consideran como el principal m\u00e9todo para sellar permanentemente los espacios existentes entre muros, paredes, techos, camisas y las tuber\u00edas de cualquier tama\u00f1o que pasan a trav\u00e9s de los mismos. De hecho, cualquier objeto cil\u00edndrico puede ser r\u00e1pida, f\u00e1cil y permanentemente sellado por el sistema patentado Link-Seal para el sello de dise\u00f1o modular.<\/p>\n<p class=\"style32\" style=\"text-align: justify;\">Tuber\u00edas de acero, concreto, metal y de pl\u00e1stico pueden ser hidrost\u00e1ticamente selladas, dentro de las paredes para almacenar hasta 20 psig (40 pies de presi\u00f3n est\u00e1tica). El espacio anular entre tuber\u00edas de transporte que pasan por envolturas, podr\u00e1 ser sellado para evitar la entrada de agua, de suelo o material de relleno.<\/p>\n<p class=\"style32\" style=\"text-align: justify;\">Con una amplia variedad de combinaciones de elast\u00f3meros, los sellos <strong>Link-Seal<\/strong> se pueden configurar f\u00e1cilmente para lograr la mejor perfomance posible de acuerdo a las condiciones de servicio encontradas. Los Sellos <strong>Link-Seal<\/strong> tambi\u00e9n est\u00e1n disponibles para una amplia variedad de aplicaciones especiales, como temperaturas extremas, para contacto con distintos productos qu\u00edmicos y petr\u00f3leo.<\/p>\n<p class=\"style33\" style=\"text-align: justify;\">Recomendaci\u00f3n para solicitar una cotizaci\u00f3n adecuada:<\/p>\n<p class=\"style33\" style=\"text-align: justify;\">Ejemplo: Tuber\u00eda 12\u201d x camisa 16\u201d<\/p>\n<p class=\"style33\" style=\"text-align: justify;\">12\u201dx16\u201d (Indicar espesor de pared de camisa y ducto) (indicar cantidad de arreglos)<\/p>\n<p>\n<\/div><\/div><\/div><\/div><\/div><\/div><!-- cell_inner --><\/div><!-- cell --><\/div><!-- port --><\/section><section id=\"bt_bb_section6a09673541020\" class=\"bt_bb_section bt_bb_layout_boxed_800 bt_bb_vertical_align_top bt_bb_top_spacing_normal bt_bb_bottom_spacing_\"  data-bt-override-class=\"{&quot;bt_bb_top_spacing_&quot;:{&quot;current_class&quot;:&quot;bt_bb_top_spacing_normal&quot;,&quot;def&quot;:&quot;normal&quot;,&quot;xl&quot;:&quot;normal&quot;},&quot;bt_bb_bottom_spacing_&quot;:{&quot;current_class&quot;:&quot;bt_bb_bottom_spacing_&quot;,&quot;def&quot;:&quot;&quot;,&quot;xl&quot;:&quot;&quot;}}\"><div class=\"bt_bb_port\"><div class=\"bt_bb_cell\"><div class=\"bt_bb_cell_inner\"><div class=\"bt_bb_row \"  data-bt-override-class=\"{}\"><div class=\"bt_bb_row_holder\" ><div  class=\"bt_bb_column col-xl-6 col-xs-12 col-sm-6 col-md-6 col-lg-6 bt_bb_align_left bt_bb_vertical_align_top bt_bb_padding_normal\"  data-width=\"6\" data-bt-override-class=\"{&quot;bt_bb_align_&quot;:{&quot;current_class&quot;:&quot;bt_bb_align_left&quot;,&quot;def&quot;:&quot;left&quot;,&quot;xl&quot;:&quot;left&quot;},&quot;bt_bb_padding_&quot;:{&quot;current_class&quot;:&quot;bt_bb_padding_normal&quot;,&quot;def&quot;:&quot;normal&quot;,&quot;xl&quot;:&quot;normal&quot;}}\"><div class=\"bt_bb_column_content\"><header data-bb-version=\"4.7.6\" class=\"bt_bb_headline bt_bb_subheadline_text_transform_default bt_bb_dash_top bt_bb_superheadline bt_bb_superheadline_outside bt_bb_size_large bt_bb_align_inherit\" style=\";color:rgb(0,0,0);border-color:rgb(0,0,0);\" data-bt-override-class=\"{&quot;bt_bb_size_&quot;:{&quot;current_class&quot;:&quot;bt_bb_size_large&quot;,&quot;def&quot;:&quot;large&quot;},&quot;bt_bb_align_&quot;:{&quot;current_class&quot;:&quot;bt_bb_align_inherit&quot;,&quot;def&quot;:&quot;inherit&quot;}}\"><div class=\"bt_bb_headline_superheadline_outside\"><span class=\"bt_bb_headline_superheadline\">Productos Relacionados<\/span><\/div><\/header><div class=\"bt_bb_separator bt_bb_border_style_none bt_bb_top_spacing_extra_small bt_bb_bottom_spacing_none\" data-bt-override-class=\"{&quot;bt_bb_top_spacing_&quot;:{&quot;current_class&quot;:&quot;bt_bb_top_spacing_extra_small&quot;,&quot;def&quot;:&quot;extra_small&quot;,&quot;xl&quot;:&quot;extra_small&quot;},&quot;bt_bb_bottom_spacing_&quot;:{&quot;current_class&quot;:&quot;bt_bb_bottom_spacing_none&quot;,&quot;def&quot;:&quot;none&quot;,&quot;xl&quot;:&quot;none&quot;}}\"><\/div><div data-bb-version=\"4.7.6\" class=\"bt_bb_slider bt_bb_height_auto bt_bb_show_dots_bottom bt_bb_animation_fade animate bt_bb_arrows_size_normal bt_bb_arrows_style_accent_dark\"><div class=\"slick-slider fade\"  data-slick='{ \"lazyLoad\": \"progressive\", \"cssEase\": \"ease-out\", \"speed\": \"300\", \"fade\": true, \"adaptiveHeight\": true, \"dots\": true, \"prevArrow\": \"&lt;button type=\\\"button\\\" class=\\\"slick-prev\\\" aria-label=\\\"Previous\\\" tabindex=\\\"0\\\" role=\\\"button\\\"&gt;&lt;\/button&gt;\", \"nextArrow\": \"&lt;button type=\\\"button\\\" class=\\\"slick-next\\\" aria-label=\\\"Next\\\" tabindex=\\\"0\\\" role=\\\"button\\\"&gt;&lt;\/button&gt;\", \"autoplay\": true, \"autoplaySpeed\": 2000}' ><div class=\"bt_bb_slider_item\" data-src-full=\"https:\/\/todama.com\/wp-content\/uploads\/2024\/01\/Evolution1.png\"><img decoding=\"async\" src=\"https:\/\/todama.com\/wp-content\/uploads\/2024\/01\/Evolution1.png\" alt=\"Evolution1\"  title=\"Evolution1\"><\/div><div class=\"bt_bb_slider_item\" data-src-full=\"https:\/\/todama.com\/wp-content\/uploads\/2024\/01\/JUNTAS-PGE.png\"><img decoding=\"async\" src=\"https:\/\/todama.com\/wp-content\/uploads\/2024\/01\/JUNTAS-PGE.png\" alt=\"JUNTAS PGE\"  title=\"JUNTAS PGE\"><\/div><div class=\"bt_bb_slider_item\" data-src-full=\"https:\/\/todama.com\/wp-content\/uploads\/2024\/01\/Junta-VCXT.png\"><img decoding=\"async\" src=\"https:\/\/todama.com\/wp-content\/uploads\/2024\/01\/Junta-VCXT.png\" alt=\"Junta VCXT Pikotek\"  title=\"Junta VCXT Pikotek\"><\/div><div class=\"bt_bb_slider_item\" data-src-full=\"https:\/\/todama.com\/wp-content\/uploads\/2024\/01\/Pikoteck-Vcfs.png\"><img decoding=\"async\" src=\"https:\/\/todama.com\/wp-content\/uploads\/2024\/01\/Pikoteck-Vcfs.png\" alt=\"Pikoteck-Vcfs\"  title=\"Pikoteck-Vcfs\"><\/div><div class=\"bt_bb_slider_item\" data-src-full=\"https:\/\/todama.com\/wp-content\/uploads\/2024\/01\/pikoteckVCS.png\"><img decoding=\"async\" src=\"https:\/\/todama.com\/wp-content\/uploads\/2024\/01\/pikoteckVCS.png\" alt=\"Soluciones Pikotek en Todama\"  title=\"Soluciones Pikotek en Todama\"><\/div><div class=\"bt_bb_slider_item\" data-src-full=\"https:\/\/todama.com\/wp-content\/uploads\/2024\/01\/Evolution3.png\"><img decoding=\"async\" src=\"https:\/\/todama.com\/wp-content\/uploads\/2024\/01\/Evolution3.png\" alt=\"Evolution3\"  title=\"Evolution3\"><\/div><\/div><\/div><div class=\"bt_bb_separator bt_bb_border_style_none bt_bb_top_spacing_small bt_bb_bottom_spacing_none\" data-bt-override-class=\"{&quot;bt_bb_top_spacing_&quot;:{&quot;current_class&quot;:&quot;bt_bb_top_spacing_small&quot;,&quot;def&quot;:&quot;small&quot;,&quot;xl&quot;:&quot;small&quot;},&quot;bt_bb_bottom_spacing_&quot;:{&quot;current_class&quot;:&quot;bt_bb_bottom_spacing_none&quot;,&quot;def&quot;:&quot;none&quot;,&quot;xl&quot;:&quot;none&quot;}}\"><\/div><\/div><\/div><div  class=\"bt_bb_column col-xl-6 col-xs-12 col-sm-6 col-md-6 col-lg-6 bt_bb_align_right bt_bb_vertical_align_top bt_bb_padding_double\"  data-width=\"6\" data-bt-override-class=\"{&quot;bt_bb_align_&quot;:{&quot;current_class&quot;:&quot;bt_bb_align_right&quot;,&quot;def&quot;:&quot;right&quot;,&quot;xl&quot;:&quot;right&quot;},&quot;bt_bb_padding_&quot;:{&quot;current_class&quot;:&quot;bt_bb_padding_double&quot;,&quot;def&quot;:&quot;double&quot;,&quot;xl&quot;:&quot;double&quot;}}\"><div class=\"bt_bb_column_content\"><div data-bb-version=\"4.7.6\" class=\"bt_bb_separator bt_bb_border_style_none bt_bb_top_spacing_medium bt_bb_bottom_spacing_medium\" data-bt-override-class=\"{&quot;bt_bb_top_spacing_&quot;:{&quot;current_class&quot;:&quot;bt_bb_top_spacing_medium&quot;,&quot;def&quot;:&quot;medium&quot;},&quot;bt_bb_bottom_spacing_&quot;:{&quot;current_class&quot;:&quot;bt_bb_bottom_spacing_medium&quot;,&quot;def&quot;:&quot;medium&quot;}}\"><\/div><div data-bb-version=\"4.7.6\" class=\"bt_bb_button bt_bb_color_scheme_11 bt_bb_icon_position_left bt_bb_style_filled bt_bb_size_normal bt_bb_width_inline bt_bb_shape_inherit bt_bb_target_self bt_bb_text_transform_inherit bt_bb_align_inherit\" style=\"; --primary-color:#ffffff; --secondary-color:#1b4962;\" data-bt-override-class=\"{&quot;bt_bb_size_&quot;:{&quot;current_class&quot;:&quot;bt_bb_size_normal&quot;,&quot;def&quot;:&quot;normal&quot;},&quot;bt_bb_align_&quot;:{&quot;current_class&quot;:&quot;bt_bb_align_inherit&quot;,&quot;def&quot;:&quot;inherit&quot;}}\"><a href=\"https:\/\/todama.com\/?page_id=3111\" target=\"_self\" class=\"bt_bb_link\" title=\"Soluciones\"><span class=\"bt_bb_button_text\" >Soluciones<\/span><span  data-ico-icon7stroke=\"&#xe6ac;\" class=\"bt_bb_icon_holder\"><\/span><\/a><\/div><div data-bb-version=\"4.7.6\" class=\"bt_bb_button bt_bb_color_scheme_6 bt_bb_icon_position_left bt_bb_style_filled bt_bb_size_normal bt_bb_width_inline bt_bb_shape_inherit bt_bb_target_self bt_bb_text_transform_inherit bt_bb_align_inherit\" style=\"; --primary-color:#ffffff; --secondary-color:#2ea92a;\" data-bt-override-class=\"{&quot;bt_bb_size_&quot;:{&quot;current_class&quot;:&quot;bt_bb_size_normal&quot;,&quot;def&quot;:&quot;normal&quot;},&quot;bt_bb_align_&quot;:{&quot;current_class&quot;:&quot;bt_bb_align_inherit&quot;,&quot;def&quot;:&quot;inherit&quot;}}\"><a href=\"https:\/\/todama.com\/?page_id=2878\" target=\"_self\" class=\"bt_bb_link\" title=\"PIKOTEK\"><span class=\"bt_bb_button_text\" >PIKOTEK<\/span><span  data-ico-essential=\"&#xe960;\" class=\"bt_bb_icon_holder\"><\/span><\/a><\/div><div class=\"bt_bb_separator bt_bb_border_style_none bt_bb_top_spacing_small bt_bb_bottom_spacing_medium\" data-bt-override-class=\"{&quot;bt_bb_top_spacing_&quot;:{&quot;current_class&quot;:&quot;bt_bb_top_spacing_small&quot;,&quot;def&quot;:&quot;small&quot;,&quot;xl&quot;:&quot;small&quot;},&quot;bt_bb_bottom_spacing_&quot;:{&quot;current_class&quot;:&quot;bt_bb_bottom_spacing_medium&quot;,&quot;def&quot;:&quot;medium&quot;,&quot;xl&quot;:&quot;medium&quot;}}\"><\/div><\/div><\/div><\/div><\/div><\/div><!-- cell_inner --><\/div><!-- cell --><\/div><!-- port --><\/section><\/p>\n","protected":false},"excerpt":{"rendered":"","protected":false},"author":1,"featured_media":0,"parent":0,"menu_order":0,"comment_status":"closed","ping_status":"closed","template":"","meta":{"footnotes":""},"class_list":["post-3171","page","type-page","status-publish","hentry"],"_links":{"self":[{"href":"https:\/\/todama.com\/index.php?rest_route=\/wp\/v2\/pages\/3171","targetHints":{"allow":["GET"]}}],"collection":[{"href":"https:\/\/todama.com\/index.php?rest_route=\/wp\/v2\/pages"}],"about":[{"href":"https:\/\/todama.com\/index.php?rest_route=\/wp\/v2\/types\/page"}],"author":[{"embeddable":true,"href":"https:\/\/todama.com\/index.php?rest_route=\/wp\/v2\/users\/1"}],"replies":[{"embeddable":true,"href":"https:\/\/todama.com\/index.php?rest_route=%2Fwp%2Fv2%2Fcomments&post=3171"}],"version-history":[{"count":11,"href":"https:\/\/todama.com\/index.php?rest_route=\/wp\/v2\/pages\/3171\/revisions"}],"predecessor-version":[{"id":3724,"href":"https:\/\/todama.com\/index.php?rest_route=\/wp\/v2\/pages\/3171\/revisions\/3724"}],"wp:attachment":[{"href":"https:\/\/todama.com\/index.php?rest_route=%2Fwp%2Fv2%2Fmedia&parent=3171"}],"curies":[{"name":"wp","href":"https:\/\/api.w.org\/{rel}","templated":true}]}}