{"id":1601,"date":"2019-04-01T10:20:28","date_gmt":"2019-04-01T10:20:28","guid":{"rendered":"http:\/\/avantage.bold-themes.com\/business\/?page_id=1601"},"modified":"2023-12-20T23:43:52","modified_gmt":"2023-12-20T23:43:52","slug":"contacto","status":"publish","type":"page","link":"https:\/\/todama.com\/?page_id=1601","title":{"rendered":"Contacto"},"content":{"rendered":"<p><section data-bb-version=\"4.7.6\" id=\"bt_bb_section6a09588197f37\" class=\"bt_bb_section bt_bb_layout_boxed_1200 bt_bb_vertical_align_bottom bt_bb_top_spacing_large bt_bb_bottom_spacing_large\" style=\"background-position:center;background-size:auto;\" data-bt-override-class=\"{&quot;bt_bb_top_spacing_&quot;:{&quot;current_class&quot;:&quot;bt_bb_top_spacing_large&quot;,&quot;def&quot;:&quot;large&quot;},&quot;bt_bb_bottom_spacing_&quot;:{&quot;current_class&quot;:&quot;bt_bb_bottom_spacing_large&quot;,&quot;def&quot;:&quot;large&quot;}}\"><div class=\"bt_bb_background_image_holder_wrapper\"><div class=\"bt_bb_background_image_holder\"  data-parallax-zoom-start=\"1\" data-parallax-zoom-end=\"1\" data-parallax-blur-start=\"0\" data-parallax-blur-end=\"0\" data-parallax-opacity-start=\"1\" data-parallax-opacity-end=\"1\" style=\" background-image:url(&#039;https:\/\/todama.com\/wp-content\/uploads\/2023\/12\/Contacto23.jpg&#039;);\"><\/div><\/div><div class=\"bt_bb_port\"><div class=\"bt_bb_cell\"><div class=\"bt_bb_cell_inner\"><div class=\"bt_bb_row \"  data-bt-override-class=\"{}\"><div class=\"bt_bb_row_holder\" ><div data-bb-version=\"4.7.6\"  class=\"bt_bb_column col-xl-6 bt_bb_align_center bt_bb_vertical_align_top bt_bb_animation_fade_in animate bt_bb_padding_normal btLazyLoadBackground bt_bb_column_background_image\" style=\"background-image:url(&#039;https:\/\/todama.com\/wp-content\/plugins\/bold-page-builder\/img\/blank.gif&#039;);\" data-background_image_src='' data-width=\"6\" data-bt-override-class=\"{&quot;bt_bb_align_&quot;:{&quot;current_class&quot;:&quot;bt_bb_align_center&quot;,&quot;def&quot;:&quot;center&quot;},&quot;bt_bb_padding_&quot;:{&quot;current_class&quot;:&quot;bt_bb_padding_normal&quot;,&quot;def&quot;:&quot;normal&quot;}}\"><div class=\"bt_bb_column_content\"><header data-bb-version=\"4.7.6\" class=\"bt_bb_headline bt_bb_subheadline_text_transform_default bt_bb_dash_top bt_bb_subheadline bt_bb_size_large bt_bb_align_center\" data-bt-override-class=\"{&quot;bt_bb_size_&quot;:{&quot;current_class&quot;:&quot;bt_bb_size_large&quot;,&quot;def&quot;:&quot;large&quot;},&quot;bt_bb_align_&quot;:{&quot;current_class&quot;:&quot;bt_bb_align_center&quot;,&quot;def&quot;:&quot;center&quot;}}\"><h2 class=\"bt_bb_headline_tag\"><span class=\"bt_bb_headline_content\"><span><b>Cont\u00e1ctanos<\/b><\/span><\/span><\/h2><div class=\"bt_bb_headline_subheadline\">P\u00f3ngase en contacto con nosotros exp\u00f3nganos sus comentarios o sugerencias, estaremos encantados de resolver sus dudas.<\/div><\/header><div data-bb-version=\"4.7.6\" class=\"bt_bb_separator bt_bb_border_style_none bt_bb_top_spacing_small bt_bb_bottom_spacing_small\" data-bt-override-class=\"{&quot;bt_bb_top_spacing_&quot;:{&quot;current_class&quot;:&quot;bt_bb_top_spacing_small&quot;,&quot;def&quot;:&quot;small&quot;},&quot;bt_bb_bottom_spacing_&quot;:{&quot;current_class&quot;:&quot;bt_bb_bottom_spacing_small&quot;,&quot;def&quot;:&quot;small&quot;}}\"><\/div><div class=\" bt_bb_row_inner\"   data-bt-override-class=\"{}\"><div class=\"bt_bb_row_inner_holder\"  ><div  class=\"bt_bb_column_inner col-xl-6 col-xs-12 col-sm-6 col-md-6 col-lg-6 bt_bb_align_center bt_bb_vertical_align_top bt_bb_padding_normal\"  data-width=\"6\" data-bt-override-class=\"{}\"><div class=\"bt_bb_column_inner_content\"><div data-bb-version=\"4.7.6\" class=\"bt_bb_service bt_bb_color_scheme_4 bt_bb_style_borderless bt_bb_shape_circle bt_bb_size_large bt_bb_align_inherit bt_bb_vertical_align_top\" style=\"; --service-primary-color:#2ea92a; --service-secondary-color:#ffffff;\" data-bt-override-class=\"{&quot;bt_bb_size_&quot;:{&quot;current_class&quot;:&quot;bt_bb_size_large&quot;,&quot;def&quot;:&quot;large&quot;},&quot;bt_bb_align_&quot;:{&quot;current_class&quot;:&quot;bt_bb_align_inherit&quot;,&quot;def&quot;:&quot;inherit&quot;}}\"><a href=\"mailto:atencion@todama.com\"  target=\"_self\"  title=\"E-Mail\"  data-ico-jobresume=\"&#xe906;\" class=\"bt_bb_icon_holder\"><\/a><div class=\"bt_bb_service_content\"><div class=\"bt_bb_service_content_title\"><a href=\"mailto:atencion@todama.com\" target=\"_self\"><u>E-Mail<\/u><\/a><\/div><div class=\"bt_bb_service_content_text\">atencion@todama.com<br \/><br \/>\ntodama@prodigy.net.mx<\/div><\/div><\/div><div class=\"bt_bb_separator bt_bb_border_style_none bt_bb_bottom_spacing_normal\" data-bt-override-class=\"null\"><\/div><\/div><\/div><div  class=\"bt_bb_column_inner col-xl-6 col-xs-12 col-sm-6 col-md-6 col-lg-6 bt_bb_align_center bt_bb_vertical_align_top bt_bb_padding_normal\"  data-width=\"6\" data-bt-override-class=\"{}\"><div class=\"bt_bb_column_inner_content\"><div data-bb-version=\"4.7.6\" class=\"bt_bb_service bt_bb_color_scheme_4 bt_bb_style_borderless bt_bb_shape_circle bt_bb_size_large bt_bb_align_inherit bt_bb_vertical_align_top\" style=\"; --service-primary-color:#2ea92a; --service-secondary-color:#ffffff;\" data-bt-override-class=\"{&quot;bt_bb_size_&quot;:{&quot;current_class&quot;:&quot;bt_bb_size_large&quot;,&quot;def&quot;:&quot;large&quot;},&quot;bt_bb_align_&quot;:{&quot;current_class&quot;:&quot;bt_bb_align_inherit&quot;,&quot;def&quot;:&quot;inherit&quot;}}\"><a href=\"https:\/\/wa.me\/2299808291?text=Hola,%20requiero%20saber%20informacion%20de%20algunas%20Refacciones\"  target=\"_blank\"  title=\"Tel\u00e9fono\"  data-ico-customerrelationshipmanagement=\"&#xe90f;\" class=\"bt_bb_icon_holder\"><\/a><div class=\"bt_bb_service_content\"><div class=\"bt_bb_service_content_title\"><a href=\"https:\/\/wa.me\/2299808291?text=Hola,%20requiero%20saber%20informacion%20de%20algunas%20Refacciones\" target=\"_blank\"><u>Tel\u00e9fono<\/u><\/a><\/div><div class=\"bt_bb_service_content_text\">+52 (229) 980 8291<\/div><\/div><\/div><div class=\"bt_bb_separator bt_bb_border_style_none bt_bb_bottom_spacing_normal\" data-bt-override-class=\"null\"><\/div><\/div><\/div><\/div><\/div><\/div><\/div><div  class=\"bt_bb_column col-xl-6 bt_bb_align_left bt_bb_vertical_align_top bt_bb_animation_fade_in move_up animate bt_bb_padding_normal btLazyLoadBackground bt_bb_column_background_image\" style=\"background-image:url(&#039;https:\/\/todama.com\/wp-content\/plugins\/bold-page-builder\/img\/blank.gif&#039;);\" data-background_image_src='' data-width=\"6\" data-bt-override-class=\"{&quot;bt_bb_align_&quot;:{&quot;current_class&quot;:&quot;bt_bb_align_left&quot;,&quot;def&quot;:&quot;left&quot;,&quot;xl&quot;:&quot;left&quot;},&quot;bt_bb_padding_&quot;:{&quot;current_class&quot;:&quot;bt_bb_padding_normal&quot;,&quot;def&quot;:&quot;normal&quot;,&quot;xl&quot;:&quot;normal&quot;}}\"><div class=\"bt_bb_column_content\"><\/div><\/div><\/div><\/div><\/div><!-- cell_inner --><\/div><!-- cell --><\/div><!-- port --><\/section><section id=\"bt_bb_section6a095881987dd\" class=\"bt_bb_section bt_bb_layout_boxed_1200 bt_bb_vertical_align_top bt_bb_bottom_spacing_normal bt_bb_section_show_right_boxed_content\"  data-bt-override-class=\"null\"><div class=\"bt_bb_port\"><div class=\"bt_bb_cell\"><div class=\"bt_bb_cell_inner\"><div class=\"bt_bb_row \"  data-bt-override-class=\"{}\"><div class=\"bt_bb_row_holder\" ><div  class=\"bt_bb_column col-xl-12 bt_bb_align_left bt_bb_vertical_align_top bt_bb_padding_normal\"  data-width=\"12\" data-bt-override-class=\"{}\"><div class=\"bt_bb_column_content\"><div class=\"bt_bb_separator bt_bb_border_style_none bt_bb_top_spacing_large\" data-bt-override-class=\"null\"><\/div><\/div><\/div><\/div><\/div><div class=\"bt_bb_row \"  data-bt-override-class=\"{}\"><div class=\"bt_bb_row_holder\" ><div  class=\"bt_bb_column col-xl-6 bt_bb_align_right bt_bb_vertical_align_middle bt_bb_animation_fade_in animate bt_bb_padding_double\"  data-width=\"6\" data-bt-override-class=\"{&quot;bt_bb_align_&quot;:{&quot;current_class&quot;:&quot;bt_bb_align_right&quot;,&quot;def&quot;:&quot;right&quot;,&quot;xl&quot;:&quot;right&quot;},&quot;bt_bb_padding_&quot;:{&quot;current_class&quot;:&quot;bt_bb_padding_double&quot;,&quot;def&quot;:&quot;double&quot;,&quot;xl&quot;:&quot;double&quot;}}\"><div class=\"bt_bb_column_content\"><div class=\"bt_bb_separator bt_bb_border_style_none bt_bb_bottom_spacing_medium bt_bb_hidden_md bt_bb_hidden_lg\" data-bt-override-class=\"null\"><\/div><div data-bb-version=\"4.7.6\" class=\"bt_bb_image bt_bb_shape_soft-rounded bt_bb_target_self bt_bb_align_center bt_bb_hover_style_simple bt_bb_content_display_hide-on-hover bt_bb_content_align_bottom bt_bb_fill_background_color_full\" data-bt-override-class=\"{&quot;bt_bb_align_&quot;:{&quot;current_class&quot;:&quot;bt_bb_align_center&quot;,&quot;def&quot;:&quot;center&quot;},&quot;bt_bb_content_display_&quot;:{&quot;current_class&quot;:&quot;bt_bb_content_display_hide-on-hover&quot;,&quot;def&quot;:&quot;hide-on-hover&quot;}}\"><a href=\"#\"  target=\"_self\" title=\"\u00bfEn qu\u00e9 te podemos ayudar? \"><img loading=\"lazy\" decoding=\"async\" width=\"640\" height=\"377\" src=\"https:\/\/todama.com\/wp-content\/uploads\/2023\/12\/Contactanos-640x377.jpg\" class=\"attachment-medium size-medium\" alt=\"\u00bfEn qu\u00e9 te podemos ayudar? \" data-full_image_src=\"https:\/\/todama.com\/wp-content\/uploads\/2023\/12\/Contactanos.jpg\" title=\"\u00bfEn qu\u00e9 te podemos ayudar? \" srcset=\"https:\/\/todama.com\/wp-content\/uploads\/2023\/12\/Contactanos-640x377.jpg 640w, https:\/\/todama.com\/wp-content\/uploads\/2023\/12\/Contactanos-1280x753.jpg 1280w, https:\/\/todama.com\/wp-content\/uploads\/2023\/12\/Contactanos-768x452.jpg 768w, https:\/\/todama.com\/wp-content\/uploads\/2023\/12\/Contactanos-320x188.jpg 320w, https:\/\/todama.com\/wp-content\/uploads\/2023\/12\/Contactanos.jpg 1500w\" sizes=\"auto, (max-width: 640px) 100vw, 640px\" \/><\/a><\/div><div class=\"bt_bb_separator bt_bb_border_style_none bt_bb_top_spacing_none bt_bb_bottom_spacing_small bt_bb_hidden_md bt_bb_hidden_lg\" data-bt-override-class=\"{&quot;bt_bb_top_spacing_&quot;:{&quot;current_class&quot;:&quot;bt_bb_top_spacing_none&quot;,&quot;def&quot;:&quot;none&quot;,&quot;xl&quot;:&quot;none&quot;},&quot;bt_bb_bottom_spacing_&quot;:{&quot;current_class&quot;:&quot;bt_bb_bottom_spacing_small&quot;,&quot;def&quot;:&quot;small&quot;,&quot;xl&quot;:&quot;small&quot;}}\"><\/div><\/div><\/div><div data-bb-version=\"4.7.6\"  class=\"bt_bb_column col-xl-6 bt_bb_align_center bt_bb_vertical_align_top bt_bb_animation_fade_in move_up animate bt_bb_padding_normal btLazyLoadBackground bt_bb_column_background_image\" style=\"background-image:url(&#039;https:\/\/todama.com\/wp-content\/plugins\/bold-page-builder\/img\/blank.gif&#039;);\" data-background_image_src='' data-width=\"6\" data-bt-override-class=\"{&quot;bt_bb_align_&quot;:{&quot;current_class&quot;:&quot;bt_bb_align_center&quot;,&quot;def&quot;:&quot;center&quot;},&quot;bt_bb_padding_&quot;:{&quot;current_class&quot;:&quot;bt_bb_padding_normal&quot;,&quot;def&quot;:&quot;normal&quot;}}\"><div class=\"bt_bb_column_content\"><header data-bb-version=\"4.7.6\" class=\"bt_bb_headline bt_bb_superheadline_font_weight_bold bt_bb_subheadline_text_transform_default bt_bb_dash_top bt_bb_superheadline bt_bb_superheadline_outside bt_bb_subheadline bt_bb_size_medium bt_bb_align_center\" data-bt-override-class=\"{&quot;bt_bb_size_&quot;:{&quot;current_class&quot;:&quot;bt_bb_size_medium&quot;,&quot;def&quot;:&quot;medium&quot;},&quot;bt_bb_align_&quot;:{&quot;current_class&quot;:&quot;bt_bb_align_center&quot;,&quot;def&quot;:&quot;center&quot;}}\"><div class=\"bt_bb_headline_superheadline_outside\"><span class=\"bt_bb_headline_superheadline\">\u00bfC\u00f3mo podemos ayudarte?<\/span><\/div><div class=\"bt_bb_headline_subheadline\">Si lo prefiere, escr\u00edbanos un e-mail atencion@todama.com o tambi\u00e9n comun\u00edquese con nosotros directamente por tel\u00e9fono al +52 229 980 8291.<br \/><br \/>\nEstaremos disponibles para resolver tus dudas en cualquiera de nuestros servicios y productos.<\/div><\/header><div class=\"bt_bb_separator bt_bb_border_style_none bt_bb_top_spacing_small bt_bb_bottom_spacing_normal bt_bb_hidden_xs bt_bb_hidden_ms bt_bb_hidden_sm\" data-bt-override-class=\"null\"><\/div><div data-bb-version=\"4.7.6\" class=\"bt_bb_contact_form_7\">\n<div class=\"wpcf7 no-js\" id=\"wpcf7-f3256-o1\" lang=\"es-ES\" dir=\"ltr\" data-wpcf7-id=\"3256\">\n<div class=\"screen-reader-response\"><p role=\"status\" aria-live=\"polite\" aria-atomic=\"true\"><\/p> <ul><\/ul><\/div>\n<form action=\"\/index.php?rest_route=%2Fwp%2Fv2%2Fpages%2F1601#wpcf7-f3256-o1\" method=\"post\" class=\"wpcf7-form init\" aria-label=\"Formulario de contacto\" novalidate=\"novalidate\" data-status=\"init\">\n<fieldset class=\"hidden-fields-container\"><input type=\"hidden\" name=\"_wpcf7\" value=\"3256\" \/><input type=\"hidden\" name=\"_wpcf7_version\" value=\"6.1.4\" \/><input type=\"hidden\" name=\"_wpcf7_locale\" value=\"es_ES\" \/><input type=\"hidden\" name=\"_wpcf7_unit_tag\" value=\"wpcf7-f3256-o1\" \/><input type=\"hidden\" name=\"_wpcf7_container_post\" value=\"0\" \/><input type=\"hidden\" name=\"_wpcf7_posted_data_hash\" value=\"\" \/>\n<\/fieldset>\n<p><label> Tu nombre<br \/>\n<span class=\"wpcf7-form-control-wrap\" data-name=\"your-name\"><input size=\"40\" maxlength=\"400\" class=\"wpcf7-form-control wpcf7-text wpcf7-validates-as-required\" autocomplete=\"name\" aria-required=\"true\" aria-invalid=\"false\" value=\"\" type=\"text\" name=\"your-name\" \/><\/span> <\/label>\n<\/p>\n<p><label> Tu correo electr\u00f3nico<br \/>\n<span class=\"wpcf7-form-control-wrap\" data-name=\"your-email\"><input size=\"40\" maxlength=\"400\" class=\"wpcf7-form-control wpcf7-email wpcf7-validates-as-required wpcf7-text wpcf7-validates-as-email\" autocomplete=\"email\" aria-required=\"true\" aria-invalid=\"false\" value=\"\" type=\"email\" name=\"your-email\" \/><\/span> <\/label>\n<\/p>\n<p><label> Asunto<br \/>\n<span class=\"wpcf7-form-control-wrap\" data-name=\"your-subject\"><input size=\"40\" maxlength=\"400\" class=\"wpcf7-form-control wpcf7-text wpcf7-validates-as-required\" aria-required=\"true\" aria-invalid=\"false\" value=\"\" type=\"text\" name=\"your-subject\" \/><\/span> <\/label>\n<\/p>\n<p><label> Tu mensaje (opcional)<br \/>\n<span class=\"wpcf7-form-control-wrap\" data-name=\"your-message\"><textarea cols=\"40\" rows=\"10\" maxlength=\"2000\" class=\"wpcf7-form-control wpcf7-textarea\" aria-invalid=\"false\" name=\"your-message\"><\/textarea><\/span> <\/label>\n<\/p>\n<p><input class=\"wpcf7-form-control wpcf7-submit has-spinner\" type=\"submit\" value=\"Enviar\" \/>\n<\/p><div class=\"wpcf7-response-output\" aria-hidden=\"true\"><\/div>\n<\/form>\n<\/div>\n<\/div><div class=\"bt_bb_separator bt_bb_border_style_none bt_bb_top_spacing_small bt_bb_bottom_spacing_normal bt_bb_hidden_xs bt_bb_hidden_ms bt_bb_hidden_sm\" data-bt-override-class=\"null\"><\/div><\/div><\/div><\/div><\/div><\/div><!-- cell_inner --><\/div><!-- cell --><\/div><!-- port --><\/section><\/p>\n","protected":false},"excerpt":{"rendered":"<p>Distinctively re-engineer revolutionary meta-services and premium architectures. Intrinsically incubate intuitive opportunities and real-time potentialities. Appropriately communicate one-to-one technology after plug-and-play networks.<\/p>\n","protected":false},"author":1,"featured_media":1819,"parent":0,"menu_order":0,"comment_status":"closed","ping_status":"closed","template":"","meta":{"footnotes":""},"class_list":["post-1601","page","type-page","status-publish","has-post-thumbnail","hentry"],"_links":{"self":[{"href":"https:\/\/todama.com\/index.php?rest_route=\/wp\/v2\/pages\/1601","targetHints":{"allow":["GET"]}}],"collection":[{"href":"https:\/\/todama.com\/index.php?rest_route=\/wp\/v2\/pages"}],"about":[{"href":"https:\/\/todama.com\/index.php?rest_route=\/wp\/v2\/types\/page"}],"author":[{"embeddable":true,"href":"https:\/\/todama.com\/index.php?rest_route=\/wp\/v2\/users\/1"}],"replies":[{"embeddable":true,"href":"https:\/\/todama.com\/index.php?rest_route=%2Fwp%2Fv2%2Fcomments&post=1601"}],"version-history":[{"count":32,"href":"https:\/\/todama.com\/index.php?rest_route=\/wp\/v2\/pages\/1601\/revisions"}],"predecessor-version":[{"id":3899,"href":"https:\/\/todama.com\/index.php?rest_route=\/wp\/v2\/pages\/1601\/revisions\/3899"}],"wp:featuredmedia":[{"embeddable":true,"href":"https:\/\/todama.com\/index.php?rest_route=\/"}],"wp:attachment":[{"href":"https:\/\/todama.com\/index.php?rest_route=%2Fwp%2Fv2%2Fmedia&parent=1601"}],"curies":[{"name":"wp","href":"https:\/\/api.w.org\/{rel}","templated":true}]}}